{"id":3,"date":"2022-04-30T20:39:56","date_gmt":"2022-04-30T20:39:56","guid":{"rendered":"http:\/\/box5891\/cgi\/addon_GT.cgi?s=GT::WP::Install::EIG+%28cesarmed%29+-+10.24.48.81+%5BWordpress%3b+\/var\/hp\/common\/lib\/Wordpress.pm%3b+543%3b+Hosting::gap_call%5D\/?page_id=3"},"modified":"2023-07-04T19:55:34","modified_gmt":"2023-07-04T23:55:34","slug":"privacy-policy","status":"publish","type":"page","link":"https:\/\/pulpora.com\/aula\/privacy-policy\/","title":{"rendered":"Pol\u00edtica de privacidad"},"content":{"rendered":"\n<h3 class=\"wp-block-heading\">Estamos comprometidos con proteger y respetar tu privacidad. <\/h3>\n\n\n\n<p>Esta pol\u00edtica de privacidad tiene como objetivo informarte sobre c\u00f3mo recopilamos, utilizamos y protegemos tus datos personales al interactuar con nuestro sitio web y utilizar nuestros servicios. Al visitar nuestro sitio web y utilizar nuestros servicios, aceptas las pr\u00e1cticas descritas en esta pol\u00edtica de privacidad. Te recomendamos leer detenidamente esta pol\u00edtica para entender nuestras pr\u00e1cticas en relaci\u00f3n con tus datos personales y c\u00f3mo los tratamos.<\/p>\n\n\n\n<h3 class=\"wp-block-heading\">Informaci\u00f3n que recopilamos<\/h3>\n\n\n\n<p>Cuando los visitantes dejan comentarios en nuestro sitio web, recopilamos la informaci\u00f3n mostrada en el formulario de comentarios, as\u00ed como la direcci\u00f3n IP del visitante y la cadena del agente de usuario del navegador para ayudar en la detecci\u00f3n de spam. Un identificador an\u00f3nimo creado a partir de tu direcci\u00f3n de correo electr\u00f3nico (tambi\u00e9n llamado hash) puede ser proporcionado al servicio Gravatar para verificar si lo est\u00e1s utilizando. La pol\u00edtica de privacidad del servicio Gravatar est\u00e1 disponible en su sitio web.<\/p>\n\n\n\n<h3 class=\"wp-block-heading\">Medios<\/h3>\n\n\n\n<p>Si subes im\u00e1genes a nuestro sitio web, te recomendamos evitar cargar im\u00e1genes con datos de ubicaci\u00f3n incorporados (GPS EXIF) incluidos. Los visitantes del sitio web pueden descargar y extraer cualquier dato de ubicaci\u00f3n de las im\u00e1genes en el sitio web.<\/p>\n\n\n\n<h3 class=\"wp-block-heading\">Cookies<\/h3>\n\n\n\n<p>Si dejas un comentario en nuestro sitio, puedes optar por guardar tu nombre, direcci\u00f3n de correo electr\u00f3nico y sitio web en cookies. Esto es para tu comodidad, para que no tengas que volver a ingresar tus datos cuando dejes otro comentario. Estas cookies durar\u00e1n un a\u00f1o.<\/p>\n\n\n\n<h3 class=\"wp-block-heading\">Contenido incrustado de otros sitios web<\/h3>\n\n\n\n<p>Nuestro sitio web puede incluir contenido incrustado (por ejemplo, videos, im\u00e1genes, art\u00edculos, etc.) de otros sitios web. El contenido incrustado de otros sitios web se comporta de la misma manera que si el visitante hubiera visitado el otro sitio web. Estos sitios web pueden recopilar datos sobre ti, utilizar cookies, incorporar seguimiento adicional de terceros y supervisar tu interacci\u00f3n con ese contenido incrustado, incluido el seguimiento de tu interacci\u00f3n con el contenido incrustado si tienes una cuenta y has iniciado sesi\u00f3n en ese sitio web.<\/p>\n\n\n\n<h3 class=\"wp-block-heading\">Con qui\u00e9n compartimos tus datos<\/h3>\n\n\n\n<p>Para poder completar tus pedidos, es posible que tengamos que compartir tu informaci\u00f3n con terceros, como proveedores de servicios de env\u00edo y pasarelas de pago. Nos aseguramos de que todos nuestros terceros cumplen con las normativas de privacidad y seguridad de datos. Si solicitas un restablecimiento de contrase\u00f1a, tu direcci\u00f3n IP se incluir\u00e1 en el correo electr\u00f3nico de restablecimiento.<\/p>\n\n\n\n<h3 class=\"wp-block-heading\">Cu\u00e1nto tiempo conservamos tus datos<\/h3>\n\n\n\n<p>Si dejas un comentario, el comentario y sus metadatos se conservan indefinidamente. Esto es para que podamos reconocer y aprobar autom\u00e1ticamente cualquier comentario de seguimiento en lugar de mantenerlos en una cola de moderaci\u00f3n. Para los usuarios que se registran en nuestro sitio web (si corresponde), tambi\u00e9n almacenamos la informaci\u00f3n personal que proporcionan en su perfil de usuario. Todos los usuarios pueden ver, editar o eliminar su informaci\u00f3n personal en cualquier momento (excepto que no pueden cambiar su nombre de usuario). Los administradores del sitio web tambi\u00e9n pueden ver y editar esa informaci\u00f3n. Si realizas una compra a trav\u00e9s de nuestra tienda en l\u00ednea, conservamos tu informaci\u00f3n de pedido durante un cierto per\u00edodo de tiempo para fines de cumplimiento de pedidos, servicio al cliente y cumplimiento de cualquier obligaci\u00f3n legal o fiscal.<\/p>\n\n\n\n<h3 class=\"wp-block-heading\">Tus derechos sobre tus datos<\/h3>\n\n\n\n<p>Si tienes una cuenta en este sitio o has dejado comentarios, puedes solicitar recibir un archivo exportado de los datos personales que tenemos sobre ti, incluidos los datos que nos hayas proporcionado. Tambi\u00e9n puedes solicitar que eliminemos cualquier dato personal que tengamos sobre ti. Esto no incluye ning\u00fan dato que estemos obligados a conservar con fines administrativos, legales o de seguridad.<\/p>\n\n\n\n<h3 class=\"wp-block-heading\">A d\u00f3nde se env\u00edan tus datos<\/h3>\n\n\n\n<p>Los comentarios de los visitantes pueden ser revisados a trav\u00e9s de un servicio automatizado de detecci\u00f3n de spam.<\/p>\n\n\n\n<h3 class=\"wp-block-heading\">Transferencia de tus datos<\/h3>\n\n\n\n<p>En casos excepcionales, podemos estar obligados a compartir tus datos personales con terceros si estamos sujetos a requisitos legales, como cumplir con una orden judicial o cooperar con las autoridades gubernamentales. Sin embargo, siempre nos esforzaremos por proteger tu privacidad y garantizar que tus datos personales se manejen de acuerdo con esta pol\u00edtica de privacidad.<\/p>\n\n\n\n<h3 class=\"wp-block-heading\">Protecci\u00f3n de tus datos<\/h3>\n\n\n\n<p>Nos esforzamos por garantizar la seguridad de tus datos personales mediante el uso de medidas t\u00e9cnicas y organizativas adecuadas, como el cifrado de datos y la implementaci\u00f3n de pol\u00edticas y procedimientos de seguridad interna. A pesar de nuestros esfuerzos, ninguna medida de seguridad es perfecta, y siempre existe el riesgo de que los datos personales puedan ser comprometidos.<\/p>\n\n\n\n<h3 class=\"wp-block-heading\">Cambios en nuestra pol\u00edtica de privacidad<\/h3>\n\n\n\n<p>Nos reservamos el derecho de actualizar o modificar esta pol\u00edtica de privacidad en cualquier momento y sin previo aviso. Cuando realicemos cambios en esta pol\u00edtica, actualizaremos la fecha de la \u00faltima modificaci\u00f3n en la parte inferior de esta p\u00e1gina. Te recomendamos que revises peri\u00f3dicamente esta pol\u00edtica de privacidad para estar informado de c\u00f3mo protegemos tu informaci\u00f3n.<\/p>\n\n\n\n<h3 class=\"wp-block-heading\">Contacto<\/h3>\n\n\n\n<p>Si tienes alguna pregunta o inquietud sobre esta pol\u00edtica de privacidad o el tratamiento de tus datos personales, no dudes en contactarnos a trav\u00e9s de la secci\u00f3n de contacto de nuestro sitio web, donde podr\u00e1s encontrar un n\u00famero de tel\u00e9fono con acceso a WhatsApp y un formulario de contacto para enviar mensajes filtrados por asunto.<\/p>\n\n\n\n<p>\u00daltima actualizaci\u00f3n: 24 de junio de 2023<\/p>\n\n\n\n<div style=\"height:100px\" aria-hidden=\"true\" class=\"wp-block-spacer\"><\/div>\n","protected":false},"excerpt":{"rendered":"<p>Estamos comprometidos con proteger y respetar tu privacidad. Esta pol\u00edtica de privacidad tiene como objetivo informarte sobre c\u00f3mo recopilamos, utilizamos [&hellip;]<\/p>\n","protected":false},"author":1,"featured_media":0,"parent":0,"menu_order":0,"comment_status":"closed","ping_status":"open","template":"","meta":{"_acf_changed":false,"footnotes":""},"class_list":["post-3","page","type-page","status-publish","hentry"],"acf":[],"_links":{"self":[{"href":"https:\/\/pulpora.com\/aula\/wp-json\/wp\/v2\/pages\/3","targetHints":{"allow":["GET"]}}],"collection":[{"href":"https:\/\/pulpora.com\/aula\/wp-json\/wp\/v2\/pages"}],"about":[{"href":"https:\/\/pulpora.com\/aula\/wp-json\/wp\/v2\/types\/page"}],"author":[{"embeddable":true,"href":"https:\/\/pulpora.com\/aula\/wp-json\/wp\/v2\/users\/1"}],"replies":[{"embeddable":true,"href":"https:\/\/pulpora.com\/aula\/wp-json\/wp\/v2\/comments?post=3"}],"version-history":[{"count":1,"href":"https:\/\/pulpora.com\/aula\/wp-json\/wp\/v2\/pages\/3\/revisions"}],"predecessor-version":[{"id":14027,"href":"https:\/\/pulpora.com\/aula\/wp-json\/wp\/v2\/pages\/3\/revisions\/14027"}],"wp:attachment":[{"href":"https:\/\/pulpora.com\/aula\/wp-json\/wp\/v2\/media?parent=3"}],"curies":[{"name":"wp","href":"https:\/\/api.w.org\/{rel}","templated":true}]}}